{"id":18,"date":"2016-07-29T07:51:44","date_gmt":"2016-07-29T07:51:44","guid":{"rendered":"http:\/\/t2.sat-link.hr\/?page_id=18"},"modified":"2016-07-29T07:51:44","modified_gmt":"2016-07-29T07:51:44","slug":"reference","status":"publish","type":"page","link":"https:\/\/sat-link.hr\/?page_id=18","title":{"rendered":"Reference"},"content":{"rendered":"<p><strong>ZAS:<\/strong><\/p>\n<blockquote><p>\nStudentski dom Knin<br \/>\nOp\u0107a bolnica Sl.Brod<br \/>\nGra\u0111evinski fakultet Osijek<br \/>\nPoljoprivredni fakultet Osijek<\/p><\/blockquote>\n<p><strong>HotSpot rje\u0161enja:<\/strong><\/p>\n<blockquote><p>\nHotel Bevanda Opatija<br \/>\nKamp \u0160imuni Pag<br \/>\nKamp Ro\u017eac Trogir<br \/>\nKamp O\u0161tro Kraljevica<br \/>\nVK-Wireless ( Grad Vinkovci )<br \/>\nHotel Pleso V.Gorica<\/p><\/blockquote>\n<p><strong>Wireless link-ovi i MikroTik rje\u0161enja:<\/strong><\/p>\n<blockquote><p>\nOptima Telekom ( regija Istok )<br \/>\nPIK Vinkovci ( Agrokor )<br \/>\nOsatina Semeljci<\/p><\/blockquote>\n<p><strong>VoIP rje\u0161enja:<\/strong><\/p>\n<blockquote><p>\nZZJZ Vinkovci<br \/>\nLinguapax Vinkovci<br \/>\nHrast d.o.o. Vinkovci<\/p><\/blockquote>\n<p><strong>Linux serveri:<\/strong><\/p>\n<blockquote><p>\nHotel Pleso V.Gorica<br \/>\nLinguapax Vinkovci<br \/>\nHRAST d.o.o Vinkovci<\/p><\/blockquote>\n","protected":false},"excerpt":{"rendered":"<p>ZAS: Studentski dom Knin Op\u0107a bolnica Sl.Brod Gra\u0111evinski fakultet Osijek Poljoprivredni fakultet Osijek HotSpot rje\u0161enja: Hotel Bevanda Opatija Kamp \u0160imuni Pag Kamp Ro\u017eac Trogir Kamp O\u0161tro Kraljevica VK-Wireless ( Grad Vinkovci ) Hotel Pleso V.Gorica Wireless link-ovi i MikroTik rje\u0161enja: Optima Telekom ( regija Istok ) PIK Vinkovci ( Agrokor ) Osatina Semeljci VoIP rje\u0161enja:&hellip;<\/p>\n<p class=\"more-link\"><a href=\"https:\/\/sat-link.hr\/?page_id=18\" class=\"themebutton\">Read More<\/a><\/p>\n","protected":false},"author":2,"featured_media":0,"parent":0,"menu_order":0,"comment_status":"closed","ping_status":"closed","template":"","meta":{"footnotes":""},"_links":{"self":[{"href":"https:\/\/sat-link.hr\/index.php?rest_route=\/wp\/v2\/pages\/18"}],"collection":[{"href":"https:\/\/sat-link.hr\/index.php?rest_route=\/wp\/v2\/pages"}],"about":[{"href":"https:\/\/sat-link.hr\/index.php?rest_route=\/wp\/v2\/types\/page"}],"author":[{"embeddable":true,"href":"https:\/\/sat-link.hr\/index.php?rest_route=\/wp\/v2\/users\/2"}],"replies":[{"embeddable":true,"href":"https:\/\/sat-link.hr\/index.php?rest_route=%2Fwp%2Fv2%2Fcomments&post=18"}],"version-history":[{"count":0,"href":"https:\/\/sat-link.hr\/index.php?rest_route=\/wp\/v2\/pages\/18\/revisions"}],"wp:attachment":[{"href":"https:\/\/sat-link.hr\/index.php?rest_route=%2Fwp%2Fv2%2Fmedia&parent=18"}],"curies":[{"name":"wp","href":"https:\/\/api.w.org\/{rel}","templated":true}]}}